{"id":3080,"date":"2022-04-11T12:36:31","date_gmt":"2022-04-11T16:36:31","guid":{"rendered":"http:\/\/www.i-lo.ro\/?post_type=product&#038;p=3080"},"modified":"2022-04-11T12:36:33","modified_gmt":"2022-04-11T16:36:33","slug":"pantaloni-adria-bej","status":"publish","type":"product","link":"https:\/\/www.i-lo.ro\/en\/shop\/pantaloni\/pantaloni-adria-bej\/","title":{"rendered":"Pantaloni Adria Bej"},"content":{"rendered":"<div dir=\"ltr\">Fii fancy purt\u00e2nd pantalonii I-LO.<\/div>\n<div dir=\"ltr\">Lungi, largi, cu turul putin jos, pantalonii impresioneaza prin stilul u\u0219or b\u0103rb\u0103tesc.<\/div>\n<div dir=\"ltr\">Acestia au talia ajustabil\u0103, o culoare cald\u0103 \u0219i un model unic.<\/div>\n<div dir=\"ltr\"><\/div>\n<div dir=\"ltr\">Informa\u021bii suplimentare:<\/div>\n<div dir=\"ltr\">Material: BBC 100%<\/div>\n<div dir=\"ltr\">Culoare: Bej<\/div>\n<div dir=\"ltr\">Modelul are 1.75cm \u00een\u0103l\u021bime si poart\u0103 marimea M.<\/div>\n<div dir=\"ltr\">Va rug\u0103m s\u0103 urma\u021bi tabelul de marimi disponibil!<\/div>\n<div dir=\"ltr\"><\/div>\n<div dir=\"ltr\">ATEN\u021aIE!<\/div>\n<div dir=\"ltr\">Orice produs se poate schimba\/returna, f\u0103r\u0103 costuri suplimentare!<\/div>\n<div dir=\"ltr\"><img loading=\"lazy\" decoding=\"async\" class=\"alignnone size-full wp-image-3031\" src=\"http:\/\/www.i-lo.ro\/wp-content\/uploads\/2022\/04\/Tabel-Rochii.jpg\" alt=\"\" width=\"1024\" height=\"469\" srcset=\"https:\/\/www.i-lo.ro\/wp-content\/uploads\/2022\/04\/Tabel-Rochii.jpg 1024w, https:\/\/www.i-lo.ro\/wp-content\/uploads\/2022\/04\/Tabel-Rochii-300x137.jpg 300w, https:\/\/www.i-lo.ro\/wp-content\/uploads\/2022\/04\/Tabel-Rochii-768x352.jpg 768w, https:\/\/www.i-lo.ro\/wp-content\/uploads\/2022\/04\/Tabel-Rochii-16x7.jpg 16w, https:\/\/www.i-lo.ro\/wp-content\/uploads\/2022\/04\/Tabel-Rochii-555x254.jpg 555w\" sizes=\"auto, (max-width: 1024px) 100vw, 1024px\" \/><\/div>","protected":false},"excerpt":{"rendered":"<p>Fii fancy purt\u00e2nd pantalonii I-LO. Lungi, largi, cu turul putin jos, pantalonii impresioneaza prin stilul u\u0219or b\u0103rb\u0103tesc. Acestia au talia ajustabil\u0103, o culoare cald\u0103 \u0219i un model unic. Informa\u021bii suplimentare: Material: BBC 100% Culoare: Bej Modelul are 1.75cm \u00een\u0103l\u021bime si poart\u0103 marimea M. Va rug\u0103m s\u0103 urma\u021bi tabelul de marimi disponibil! ATEN\u021aIE! Orice produs se [&hellip;]<\/p>","protected":false},"featured_media":3078,"comment_status":"open","ping_status":"closed","template":"","meta":[],"product_brand":[],"product_cat":[15,27],"product_tag":[],"class_list":{"0":"post-3080","1":"product","2":"type-product","3":"status-publish","4":"has-post-thumbnail","6":"product_cat-pantaloni","7":"product_cat-produse-noi","9":"first","10":"instock","11":"sale","12":"taxable","13":"shipping-taxable","14":"purchasable","15":"product-type-variable"},"_links":{"self":[{"href":"https:\/\/www.i-lo.ro\/en\/wp-json\/wp\/v2\/product\/3080","targetHints":{"allow":["GET"]}}],"collection":[{"href":"https:\/\/www.i-lo.ro\/en\/wp-json\/wp\/v2\/product"}],"about":[{"href":"https:\/\/www.i-lo.ro\/en\/wp-json\/wp\/v2\/types\/product"}],"replies":[{"embeddable":true,"href":"https:\/\/www.i-lo.ro\/en\/wp-json\/wp\/v2\/comments?post=3080"}],"wp:featuredmedia":[{"embeddable":true,"href":"https:\/\/www.i-lo.ro\/en\/wp-json\/wp\/v2\/media\/3078"}],"wp:attachment":[{"href":"https:\/\/www.i-lo.ro\/en\/wp-json\/wp\/v2\/media?parent=3080"}],"wp:term":[{"taxonomy":"product_brand","embeddable":true,"href":"https:\/\/www.i-lo.ro\/en\/wp-json\/wp\/v2\/product_brand?post=3080"},{"taxonomy":"product_cat","embeddable":true,"href":"https:\/\/www.i-lo.ro\/en\/wp-json\/wp\/v2\/product_cat?post=3080"},{"taxonomy":"product_tag","embeddable":true,"href":"https:\/\/www.i-lo.ro\/en\/wp-json\/wp\/v2\/product_tag?post=3080"}],"curies":[{"name":"wp","href":"https:\/\/api.w.org\/{rel}","templated":true}]}}